{"id":54,"date":"2024-01-24T17:56:57","date_gmt":"2024-01-24T17:56:57","guid":{"rendered":"https:\/\/www.allergiasaatio.fi\/?page_id=54"},"modified":"2024-01-24T17:56:57","modified_gmt":"2024-01-24T17:56:57","slug":"apuraha-2023","status":"publish","type":"page","link":"http:\/\/www.allergiasaatio.fi\/apuraha-2023\/","title":{"rendered":"Apuraha 2023"},"content":{"rendered":"\n<p>VUODEN 2023 ERITYISET PAINOPISTEET<\/p>\n\n\n\n<ul class=\"wp-block-list\">\n<li>Allergisten sairauksien yleisen ymm\u00e4rryksen lis\u00e4\u00e4minen niin potilaille, heid\u00e4n perheilleen ja yst\u00e4villeen kuin my\u00f6s terveydenhuollon ammattilaisille sek\u00e4 ty\u00f6nantajille, ruokahuollolle, p\u00e4iv\u00e4kodeille ja kouluihin ja my\u00f6s muille sidosryhmille.<br><\/li>\n\n\n\n<li>Anafylaksiaa aiheuttavien allergioiden vaikutus el\u00e4m\u00e4nlaatuun.<br><\/li>\n\n\n\n<li>Atooppisen ihottuman vaikutus psyykkiseen hyvinvointiin. Erityisesti nuorten kohdalla atooppisen ihottuman vaikutus itsetuntoon.<br><\/li>\n\n\n\n<li>Luonnon monimuotoisuus ja sen vaikutus allergisten sairauksien syntymekanismiin.<br><\/li>\n\n\n\n<li>Suoliston mikrobiomi ja suoliston mikrobiomin vaikutus allergisten sairauksien syntyyn.<\/li>\n<\/ul>\n\n\n\n<p>Allergia-, iho- ja astmas\u00e4\u00e4ti\u00f6n hallitus on p\u00e4\u00e4tt\u00e4nyt jakaa kokonaan s\u00e4\u00e4ti\u00f6n vuoden 2023 budjettiin varatun 16 000 euron apurahan. Se jaetaan kahdeksan hakijan kesken.<\/p>\n\n\n\n<p>Vuonna 2023 apurahoja my\u00f6nnettiin ensisijaisesti tieteellisiin tutkimuksiin, jotka parantavat astmaa, allergisia sairauksia ja ihosairauksia koskevaa tiet\u00e4myst\u00e4 ja edist\u00e4v\u00e4t n\u00e4iden sairauksien ennaltaehk\u00e4isy\u00e4 ja hoitoa.<\/p>\n\n\n\n<p>Apurahan sai kuusi v\u00e4it\u00f6skirjan tekij\u00e4\u00e4, joiden tutkimusten aiheina on muun muassa aikuisi\u00e4n astmadiagnoosin saaneiden seurannan toteutuminen, elinymp\u00e4rist\u00f6n rooli suolistomikrobiston kehittymisess\u00e4 varhaislapsuudesta teini-ik\u00e4\u00e4n sek\u00e4 \u00e4idin mielenterveyden yhteys lapsen astmaan. Apuraha my\u00f6nnettiin Tanzeela Hanifille, Eetu Kanervalle, Marjut Koskelolle, Aada Murtom\u00e4elle, Minka Ovaskalle ja Jaana Takalalle.<\/p>\n\n\n\n<p>V\u00e4it\u00f6stutkimusten lis\u00e4ksi apurahaa my\u00f6nnettiin Luontoterveys osaamiskeskuksen kehitt\u00e4miseen ja Kansallisen luontoterveysohjelman laatimiseen sek\u00e4 Adjuvantti ry:lle animoidun opetusvideon tuottamiseen astmasta, sen patofysiologiasta, diagnosoinnista ja hoidosta. Adjuvantti on l\u00e4\u00e4k\u00e4reist\u00e4 ja l\u00e4\u00e4ketieteen opiskelijoista koostuva, opetusta tehostava, luova yhteis\u00f6.<\/p>\n\n\n\n<p>Apurahahakemuksia saapui s\u00e4\u00e4ti\u00f6lle 11.<\/p>\n","protected":false},"excerpt":{"rendered":"<p>VUODEN 2023 ERITYISET PAINOPISTEET Allergia-, iho- ja astmas\u00e4\u00e4ti\u00f6n hallitus on p\u00e4\u00e4tt\u00e4nyt jakaa kokonaan s\u00e4\u00e4ti\u00f6n vuoden 2023 budjettiin varatun 16 000 euron apurahan. Se jaetaan kahdeksan hakijan kesken. Vuonna 2023 apurahoja my\u00f6nnettiin ensisijaisesti tieteellisiin tutkimuksiin, jotka parantavat astmaa, allergisia sairauksia ja ihosairauksia koskevaa tiet\u00e4myst\u00e4 ja edist\u00e4v\u00e4t n\u00e4iden sairauksien ennaltaehk\u00e4isy\u00e4 ja hoitoa. Apurahan sai kuusi v\u00e4it\u00f6skirjan tekij\u00e4\u00e4, [&hellip;]<\/p>\n","protected":false},"author":1,"featured_media":0,"parent":0,"menu_order":0,"comment_status":"closed","ping_status":"closed","template":"","meta":{"footnotes":""},"class_list":["post-54","page","type-page","status-publish","hentry"],"_links":{"self":[{"href":"http:\/\/www.allergiasaatio.fi\/wp-json\/wp\/v2\/pages\/54","targetHints":{"allow":["GET"]}}],"collection":[{"href":"http:\/\/www.allergiasaatio.fi\/wp-json\/wp\/v2\/pages"}],"about":[{"href":"http:\/\/www.allergiasaatio.fi\/wp-json\/wp\/v2\/types\/page"}],"author":[{"embeddable":true,"href":"http:\/\/www.allergiasaatio.fi\/wp-json\/wp\/v2\/users\/1"}],"replies":[{"embeddable":true,"href":"http:\/\/www.allergiasaatio.fi\/wp-json\/wp\/v2\/comments?post=54"}],"version-history":[{"count":1,"href":"http:\/\/www.allergiasaatio.fi\/wp-json\/wp\/v2\/pages\/54\/revisions"}],"predecessor-version":[{"id":55,"href":"http:\/\/www.allergiasaatio.fi\/wp-json\/wp\/v2\/pages\/54\/revisions\/55"}],"wp:attachment":[{"href":"http:\/\/www.allergiasaatio.fi\/wp-json\/wp\/v2\/media?parent=54"}],"curies":[{"name":"wp","href":"https:\/\/api.w.org\/{rel}","templated":true}]}}