{"id":350,"date":"2025-05-15T09:37:54","date_gmt":"2025-05-15T09:37:54","guid":{"rendered":"https:\/\/www.allergiasaatio.fi\/?page_id=350"},"modified":"2025-05-15T09:37:54","modified_gmt":"2025-05-15T09:37:54","slug":"tietosuojaseloste","status":"publish","type":"page","link":"https:\/\/www.allergiasaatio.fi\/tietosuojaseloste\/","title":{"rendered":"Tietosuojaseloste"},"content":{"rendered":"\n<ol class=\"wp-block-list\">\n<li>Rekisterinpit\u00e4j\u00e4<\/li>\n<\/ol>\n\n\n\n<p>Allergia-, iho- ja astmas\u00e4\u00e4ti\u00f6 sr toimii henkil\u00f6tietojen k\u00e4sittely\u00e4 ja tietosuojaa koskevan lains\u00e4\u00e4d\u00e4nn\u00f6n tarkoittamana rekisterinpit\u00e4j\u00e4n\u00e4.<\/p>\n\n\n\n<p>Rekisterinpit\u00e4j\u00e4n edustajana ja tietosuojavastaavana toimii s\u00e4\u00e4ti\u00f6n asiamies Katariina Ij\u00e4s, <a href=\"mailto:katariina.ijas@allergiasaatio.fi\">katariina.ijas@allergiasaatio.fi<\/a> p. 05058976438<\/p>\n\n\n\n<p>2. K\u00e4sittelyn tarkoitus<\/p>\n\n\n\n<p>Allergia-, iho- ja astmas\u00e4\u00e4ti\u00f6 sr k\u00e4sittelee henkil\u00f6it\u00e4 koskevaa rekisteritietoa t\u00e4ytt\u00e4\u00e4kseen s\u00e4\u00e4nt\u00f6jen mukaista teht\u00e4v\u00e4\u00e4ns\u00e4 eli tukeakseen allergisia sairauksia, ihosairauksia ja astmaa koskevaa tieteellist\u00e4 tutkimusty\u00f6t\u00e4 ja yleist\u00e4 kansanterveysty\u00f6t\u00e4. S\u00e4\u00e4ti\u00f6 on sitoutunut noudattamaan toimiessaan voimassa olevaa henkil\u00f6tietojen k\u00e4sittelyyn ja tietosuojaan liittyv\u00e4\u00e4 lains\u00e4\u00e4d\u00e4nt\u00f6\u00e4. S\u00e4\u00e4ti\u00f6 ei k\u00e4sittele arkaluonteisia henkil\u00f6tietoja. Rekisteritietojen k\u00e4sittelyss\u00e4 ei sovelleta automaattista p\u00e4\u00e4t\u00f6ksentekoa tai profilointia.<\/p>\n\n\n\n<p>3. Kuvaus rekisteriryhmist\u00e4 ja rekister\u00f6idyn oikeudet<\/p>\n\n\n\n<p>Allergia-, iho- ja astmas\u00e4\u00e4ti\u00f6 sr ker\u00e4\u00e4 ja k\u00e4ytt\u00e4\u00e4 henkil\u00f6tietoja seuraavissa henkil\u00f6rekistereiss\u00e4:<\/p>\n\n\n\n<p>A) Apurahaj\u00e4rjestelm\u00e4 (apurahanhakijat ja -saajat)<\/p>\n\n\n\n<p>Apurahanhakijoiden ja -saajien osalta rekisteritietojen ker\u00e4\u00e4misen oikeusperusteena sovelletaan oikeutetun edun perustetta: ilman tietojen ker\u00e4\u00e4mist\u00e4 apurahahakemusten vastaanotto ja k\u00e4sittely sek\u00e4 apurahojen maksaminen ja seuranta eiv\u00e4t ole mahdollista. Tiedot ker\u00e4t\u00e4\u00e4n apurahanhakijoiden osalta hakemuslomakkeesta. Apurahansaajien osalta t\u00e4ydent\u00e4v\u00e4t tiedot saadaan maksatushakemuksesta. Apurahanhaun k\u00e4ynnistymisest\u00e4 tiedotetaan s\u00e4\u00e4ti\u00f6n verkkosivuilla, sosiaalisen median kanavilla sek\u00e4 Allergia-, iho- ja astmaliiton viestint\u00e4kanavissa.<\/p>\n\n\n\n<p>Apurahanhakijalta ker\u00e4t\u00e4\u00e4n apurahaj\u00e4rjestelm\u00e4\u00e4n hakemuksen j\u00e4tt\u00e4misen yhteydess\u00e4 seuraavat henkil\u00f6tiedot: nimi, henkil\u00f6tunnus, sukupuoli, oppiarvo, postiosoite, kotipaikka, pankkiyhteystiedot, s\u00e4hk\u00f6postiosoite ja puhelinnumero. Lis\u00e4ksi apurahaj\u00e4rjestelm\u00e4\u00e4n tallentuvat tutkimushankkeen sis\u00e4lt\u00f6\u00e4 kuvaavat tiedot. N\u00e4it\u00e4 tietoja k\u00e4ytet\u00e4\u00e4n apurahahakemuksen k\u00e4sittelyn yhteydess\u00e4. Tietoja p\u00e4\u00e4sev\u00e4t tarkastelemaan apurahap\u00e4\u00e4t\u00f6ksi\u00e4 tekev\u00e4t s\u00e4\u00e4ti\u00f6n hallituksen j\u00e4senet sek\u00e4 asiamies.<\/p>\n\n\n\n<p>Valitut hallituksen j\u00e4senet arvioivat hakemukset. S\u00e4\u00e4ti\u00f6n linjauksen mukaan hakijoille annettuja kommentteja ei anneta apurahaa hakeneiden tai kenenk\u00e4\u00e4n muunkaan ulkopuolisen tietoon. S\u00e4\u00e4ti\u00f6n hallitus p\u00e4\u00e4tt\u00e4\u00e4 apurahojen jakamisesta esityksen perusteella. Apurahaa hakeneille tiedotetaan s\u00e4\u00e4ti\u00f6n apurahap\u00e4\u00e4t\u00f6ksest\u00e4 s\u00e4hk\u00f6postiviestill\u00e4, joka l\u00e4hetet\u00e4\u00e4n hakemuksessa annettuun s\u00e4hk\u00f6postiosoitteeseen.<\/p>\n\n\n\n<p>Apurahap\u00e4\u00e4t\u00f6sten teon j\u00e4lkeen s\u00e4\u00e4ti\u00f6 on tietyin edellytyksin velvollinen ilmoittamaan apurahansaajien henkil\u00f6tiedot ja apurahojen suuruudet el\u00e4kevakuutusyhti\u00f6lle ja verottajalle.<\/p>\n\n\n\n<p>Apurahansaajien ja palkinnonsaajien nimet, oppiarvot, tutkimusaiheet ja apurahan m\u00e4\u00e4r\u00e4 voidaan julkaista s\u00e4\u00e4ti\u00f6n kotisivuilla, sosiaalisessa mediassa sek\u00e4 s\u00e4\u00e4ti\u00f6n toimintakertomuksessa. Apurahaa saaneet sek\u00e4 tutkimusaiheet voidaan julkaista my\u00f6s allergia-, iho- ja astmaliiton viestint\u00e4kanavissa. T\u00e4m\u00e4n perusteena on yleinen etu ja avoimuus: yhteiskunnan tulee saada tiet\u00e4\u00e4, mihin s\u00e4\u00e4ti\u00f6t varojaan k\u00e4ytt\u00e4v\u00e4t.<\/p>\n\n\n\n<p>B) L\u00e4hipiirirekisteri<\/p>\n\n\n\n<p>L\u00e4hipiirin osalta rekisteritietojen ker\u00e4\u00e4misen oikeusperusteena sovelletaan s\u00e4\u00e4ti\u00f6lain velvoitteita. S\u00e4\u00e4ti\u00f6n luottamushenkil\u00f6ilt\u00e4 ja ty\u00f6ntekij\u00f6ilt\u00e4 ker\u00e4t\u00e4\u00e4n tiedot henkil\u00f6n raportointivelvollisuuden alaisesta l\u00e4hipiirist\u00e4. S\u00e4\u00e4ti\u00f6n l\u00e4hipiiriin kuuluvista ker\u00e4t\u00e4\u00e4n seuraavat tiedot: nimi, syntym\u00e4aika ja henkil\u00f6n m\u00e4\u00e4r\u00e4ysvallassa olevat yhteis\u00f6t ja s\u00e4\u00e4ti\u00f6t sek\u00e4 n\u00e4iden Y-tunnus. L\u00e4hipiirirekisterin tietoja k\u00e4ytet\u00e4\u00e4n selvitt\u00e4m\u00e4\u00e4n s\u00e4\u00e4ti\u00f6n my\u00f6nt\u00e4mien apurahojen ja muiden s\u00e4\u00e4ti\u00f6n suorittamien maksujen mahdollinen kohdentuminen s\u00e4\u00e4ti\u00f6n l\u00e4hipiirille.<\/p>\n\n\n\n<p>C) Tapahtumat ja koulutukset, yhteystietorekisteri<\/p>\n\n\n\n<p>S\u00e4\u00e4ti\u00f6n tapahtumien ja koulutusten yhteydess\u00e4 ker\u00e4t\u00e4\u00e4n vain j\u00e4rjest\u00e4misen kannalta oleelliset tiedot. N\u00e4it\u00e4 tietoja ovat nimi, yhteystiedot (osoite, s\u00e4hk\u00f6posti), erityisruokavaliot ja ruoka-aineallergiat, jos tilaisuudessa on tarjoilua, titteli, ty\u00f6paikka tai muu taustayhteis\u00f6, muu tieto, jonka ilmoittautuja haluaa j\u00e4rjest\u00e4jille kertoa sek\u00e4 tarvittaessa nimi ja yhteystiedot ilman muita tunnistetietoja mahdollista arvontaa varten. Tapahtumien ja koulutusten yhteydess\u00e4 ker\u00e4ttyj\u00e4 yhteystietoja s\u00e4ilytet\u00e4\u00e4n maksimissaan viiden vuoden ajan ja yhteystietoja voidaan hy\u00f6dynt\u00e4\u00e4 s\u00e4\u00e4ti\u00f6n j\u00e4rjest\u00e4mien tapahtumien markkinointiin t\u00e4n\u00e4 aikana.<\/p>\n\n\n\n<p>D) Yhteystietorekisteri<\/p>\n\n\n\n<p>Yhteystietorekisterin osalta rekisteritietojen ker\u00e4\u00e4misen oikeusperusteena sovelletaan henkil\u00f6iden suostumusta. Tiedot ker\u00e4t\u00e4\u00e4n henkil\u00f6iden oman ilmoituksen perusteella. Yhteystietorekisteriin ker\u00e4t\u00e4\u00e4n seuraavia tietoja: nimi, s\u00e4hk\u00f6postisoite ja\/tai postiosoite. Rekisterin tietoja k\u00e4ytet\u00e4\u00e4n kutsu- ja kiitoskirjeiden l\u00e4hett\u00e4miseen sek\u00e4 mahdollisen s\u00e4\u00e4ti\u00f6n uutiskirjeen l\u00e4hett\u00e4miseen.<\/p>\n\n\n\n<p>4. Henkil\u00f6tietojen k\u00e4sittelij\u00e4t ja k\u00e4ytt\u00e4j\u00e4t<\/p>\n\n\n\n<p>A) Apurahaj\u00e4rjestelm\u00e4 (apurahanhakijat ja -saajat)<\/p>\n\n\n\n<p>S\u00e4\u00e4ti\u00f6n asiamies sek\u00e4 hakemustietojen osalta tietoja k\u00e4sittelev\u00e4t my\u00f6s s\u00e4\u00e4ti\u00f6n hallituksen nime\u00e4m\u00e4t &nbsp;valitut hallituksen j\u00e4senet sek\u00e4 apurahansaajien osalta s\u00e4\u00e4ti\u00f6n hallitus.<\/p>\n\n\n\n<p>b. l\u00e4hipiirirekisteri<\/p>\n\n\n\n<p>S\u00e4\u00e4ti\u00f6n asiamies<\/p>\n\n\n\n<p>c. tapahtumiin ja koulutuksiin osallistuneiden yhteystiedot<\/p>\n\n\n\n<p>S\u00e4\u00e4ti\u00f6n asiamies<\/p>\n\n\n\n<p>d. yhteystietorekisteri<\/p>\n\n\n\n<p>S\u00e4\u00e4ti\u00f6n asiamies ja taloushallinnon ty\u00f6ntekij\u00e4t. S\u00e4\u00e4ti\u00f6 on sitoutunut noudattamaan voimassa olevaa henkil\u00f6tietojen k\u00e4sittelyyn ja tietosuojaan liittyv\u00e4\u00e4 lains\u00e4\u00e4d\u00e4nt\u00f6\u00e4. S\u00e4\u00e4ti\u00f6 ei k\u00e4sittele arkaluonteisia henkil\u00f6tietoja.<\/p>\n\n\n\n<p>5. Henkil\u00f6tietojen siirto kolmanteen maahan tai kansainv\u00e4liselle j\u00e4rjest\u00f6lle<\/p>\n\n\n\n<p>Henkil\u00f6tietoja ei siirret\u00e4 EU\/ETA-alueen ulkopuolisiin maihin tai kansainv\u00e4lisille j\u00e4rjest\u00f6ille.<\/p>\n\n\n\n<p>6. Tietoryhmien poistamisen suunnitellut m\u00e4\u00e4r\u00e4ajat<\/p>\n\n\n\n<p>Apurahaj\u00e4rjestelm\u00e4n tiedot ovat vain s\u00e4hk\u00f6isess\u00e4 muodossa. Rekisterinpit\u00e4j\u00e4n apurahatoiminnan mahdollistamiseksi ja kehitt\u00e4miseksi, historiatietojen tallentamiseksi ja avoimuuden varmistamiseksi sek\u00e4 apurahanhakijan aiemman apurahahistorian selvitt\u00e4miseksi apurahaj\u00e4rjestelm\u00e4n sis\u00e4lt\u00e4m\u00e4t henkil\u00f6tiedot s\u00e4ilytet\u00e4\u00e4n my\u00f6nnettyjen apurahojen osalta pysyv\u00e4sti. Historiatietojen s\u00e4ilytt\u00e4misen ja valvonnallisten syiden vuoksi kielteisen p\u00e4\u00e4t\u00f6ksen saaneiden hakemusten tiedot s\u00e4ilytet\u00e4\u00e4n enint\u00e4\u00e4n kymmenen vuoden ajan.<\/p>\n\n\n\n<p>S\u00e4\u00e4ti\u00f6n luottamushenkil\u00f6t ja ty\u00f6ntekij\u00e4t: tiedot s\u00e4ilytet\u00e4\u00e4n pysyv\u00e4sti s\u00e4\u00e4ti\u00f6n historiatietojen tallentamiseksi.<\/p>\n\n\n\n<p>L\u00e4hipiirirekisteri: tiedot s\u00e4ilytet\u00e4\u00e4n pysyv\u00e4sti s\u00e4\u00e4ti\u00f6n historiatietojen tallentamiseksi.<\/p>\n\n\n\n<p>Tapahtumiin ja koulutuksiin osallistuvien yhteystiedot: tiedot s\u00e4ilytet\u00e4\u00e4n 5 vuoden ajan ilmoittautumisesta.<\/p>\n\n\n\n<p>Yhteystietorekisteri: tiedot s\u00e4ilytet\u00e4\u00e4n pysyv\u00e4sti tai kunnes yhteystieto vanhenee\/p\u00e4\u00e4ttyy.<\/p>\n","protected":false},"excerpt":{"rendered":"<p>Allergia-, iho- ja astmas\u00e4\u00e4ti\u00f6 sr toimii henkil\u00f6tietojen k\u00e4sittely\u00e4 ja tietosuojaa koskevan lains\u00e4\u00e4d\u00e4nn\u00f6n tarkoittamana rekisterinpit\u00e4j\u00e4n\u00e4. Rekisterinpit\u00e4j\u00e4n edustajana ja tietosuojavastaavana toimii s\u00e4\u00e4ti\u00f6n asiamies Katariina Ij\u00e4s, katariina.ijas@allergiasaatio.fi p. 05058976438 2. K\u00e4sittelyn tarkoitus Allergia-, iho- ja astmas\u00e4\u00e4ti\u00f6 sr k\u00e4sittelee henkil\u00f6it\u00e4 koskevaa rekisteritietoa t\u00e4ytt\u00e4\u00e4kseen s\u00e4\u00e4nt\u00f6jen mukaista teht\u00e4v\u00e4\u00e4ns\u00e4 eli tukeakseen allergisia sairauksia, ihosairauksia ja astmaa koskevaa tieteellist\u00e4 tutkimusty\u00f6t\u00e4 ja yleist\u00e4 kansanterveysty\u00f6t\u00e4. [&hellip;]<\/p>\n","protected":false},"author":1,"featured_media":0,"parent":0,"menu_order":0,"comment_status":"closed","ping_status":"closed","template":"","meta":{"footnotes":""},"class_list":["post-350","page","type-page","status-publish","hentry"],"_links":{"self":[{"href":"https:\/\/www.allergiasaatio.fi\/wp-json\/wp\/v2\/pages\/350","targetHints":{"allow":["GET"]}}],"collection":[{"href":"https:\/\/www.allergiasaatio.fi\/wp-json\/wp\/v2\/pages"}],"about":[{"href":"https:\/\/www.allergiasaatio.fi\/wp-json\/wp\/v2\/types\/page"}],"author":[{"embeddable":true,"href":"https:\/\/www.allergiasaatio.fi\/wp-json\/wp\/v2\/users\/1"}],"replies":[{"embeddable":true,"href":"https:\/\/www.allergiasaatio.fi\/wp-json\/wp\/v2\/comments?post=350"}],"version-history":[{"count":1,"href":"https:\/\/www.allergiasaatio.fi\/wp-json\/wp\/v2\/pages\/350\/revisions"}],"predecessor-version":[{"id":351,"href":"https:\/\/www.allergiasaatio.fi\/wp-json\/wp\/v2\/pages\/350\/revisions\/351"}],"wp:attachment":[{"href":"https:\/\/www.allergiasaatio.fi\/wp-json\/wp\/v2\/media?parent=350"}],"curies":[{"name":"wp","href":"https:\/\/api.w.org\/{rel}","templated":true}]}}